{"id":358,"date":"2022-02-24T10:51:37","date_gmt":"2022-02-24T10:51:37","guid":{"rendered":"https:\/\/newsourceforkliftparts.com\/?page_id=358"},"modified":"2022-02-24T11:50:36","modified_gmt":"2022-02-24T11:50:36","slug":"about-us","status":"publish","type":"page","link":"https:\/\/newsourceforkliftparts.com\/es\/about-us\/","title":{"rendered":"Sobre nosotros"},"content":{"rendered":"<div class=\"grve-section grve-row-section grve-fullwidth grve-bg-none\"><div class=\"grve-container\"><div class=\"grve-row grve-bookmark grve-columns-gap-none\"><div class=\"grve-column wpb_column grve-column-1 grve-headings-light\" ><div class=\"grve-column-wrapper\" ><div class=\"grve-element grve-image grve-align-center\" style=\"\">  <div class=\"grve-image-wrapper\"><img loading=\"lazy\" decoding=\"async\" width=\"1920\" height=\"600\" src=\"https:\/\/newsourceforkliftparts.com\/wp-content\/uploads\/products\/about-us-min1.jpg\" class=\"attachment-full size-full\" alt=\"\" srcset=\"https:\/\/newsourceforkliftparts.com\/wp-content\/uploads\/products\/about-us-min1.jpg 1920w, https:\/\/newsourceforkliftparts.com\/wp-content\/uploads\/products\/about-us-min1-300x94.jpg 300w, https:\/\/newsourceforkliftparts.com\/wp-content\/uploads\/products\/about-us-min1-1024x320.jpg 1024w, https:\/\/newsourceforkliftparts.com\/wp-content\/uploads\/products\/about-us-min1-768x240.jpg 768w, https:\/\/newsourceforkliftparts.com\/wp-content\/uploads\/products\/about-us-min1-1536x480.jpg 1536w, https:\/\/newsourceforkliftparts.com\/wp-content\/uploads\/products\/about-us-min1-18x6.jpg 18w\" sizes=\"auto, (max-width: 1920px) 100vw, 1920px\" \/>   <\/div><\/div><\/div><\/div><div class=\"grve-column wpb_column grve-column-1\" ><div class=\"grve-column-wrapper\" ><h1 class=\"grve-element grve-title grve-align-center grve-animated-item grve-duration-normal grve-zoom-in grve-h1 new-title grve-increase-heading grve-heading-140\" style=\"\" data-delay=\"200\"><span>ABOUT US<\/span><\/h1><\/div><\/div><\/div><\/div><div class=\"grve-background-wrapper\"><\/div><\/div><div class=\"grve-section grve-row-section grve-fullwidth-background grve-padding-top-2x grve-padding-bottom-1x grve-bg-none grve-custom-height grve-middle-content\"><div class=\"grve-container\"><div class=\"grve-row grve-bookmark grve-columns-gap-50\"><div class=\"grve-column wpb_column grve-column-1-2 grve-parallax-effect\"  style=\"z-index:99999999\"  data-parallax-effect=\"mouse-move-x-y\" data-sensitive=\"low\" data-limit=\"1x\" data-invert=\"false\"><div class=\"grve-column-wrapper\" ><div class=\"grve-element grve-image grve-animated-item grve-duration-normal grve-zoom-in grve-align-center\" style=\"\" data-delay=\"200\">  <div class=\"grve-image-wrapper\"><img loading=\"lazy\" decoding=\"async\" width=\"1000\" height=\"1000\" src=\"https:\/\/newsourceforkliftparts.com\/wp-content\/uploads\/products\/21362710-3.jpg\" class=\"attachment-full size-full\" alt=\"\" srcset=\"https:\/\/newsourceforkliftparts.com\/wp-content\/uploads\/products\/21362710-3.jpg 1000w, https:\/\/newsourceforkliftparts.com\/wp-content\/uploads\/products\/21362710-3-300x300.jpg 300w, https:\/\/newsourceforkliftparts.com\/wp-content\/uploads\/products\/21362710-3-150x150.jpg 150w, https:\/\/newsourceforkliftparts.com\/wp-content\/uploads\/products\/21362710-3-768x768.jpg 768w, https:\/\/newsourceforkliftparts.com\/wp-content\/uploads\/products\/21362710-3-12x12.jpg 12w, https:\/\/newsourceforkliftparts.com\/wp-content\/uploads\/products\/21362710-3-560x560.jpg 560w, https:\/\/newsourceforkliftparts.com\/wp-content\/uploads\/products\/21362710-3-900x900.jpg 900w\" sizes=\"auto, (max-width: 1000px) 100vw, 1000px\" \/>   <\/div><\/div><\/div><\/div><div class=\"grve-column wpb_column grve-column-1-2\" ><div class=\"grve-column-wrapper\" ><h2 class=\"grve-element grve-title grve-align-left grve-h2\" style=\"margin-bottom: 30px;\"><span>PIEZAS QUE AHORRAN MILLIONES<\/span><\/h2><div class=\"grve-element grve-text\">\n\t\t\t<p>NEW SOURCE FORKLIFT PARTS, INC, con m\u00e1s de 30 a\u00f1os de experiencia en el negocio de montacargas, est\u00e1 ubicada en Brea CA y suministra repuestos de buena calidad para montacargas, equipos de movimiento de tierra, carros de golf y plataformas a\u00e9reas de trabajo.<\/p>\n<p>Todos los logotipos, nombres, descripciones y n\u00fameros de los fabricantes son solo para fines de referencia y no implican que sean piezas originales o genuinas o que seamos un proveedor OEM.<\/p>\n<p>Valoramos a nuestros clientes respondiendo con precisi\u00f3n a sus necesidades de repuestos, dudas y entrega justo a tiempo.<\/p>\n<p><a href=\"https:\/\/newsourceforkliftparts.com\/es\/contact\/\">\u00a1Cont\u00e1ctenos<\/a> en cualquier momento sin dudarlo y estaremos m\u00e1s que felices de ayudarlo!<\/p>\n\n\t\t<\/div>\n\t<\/div><\/div><\/div><\/div><div class=\"grve-background-wrapper\"><\/div><\/div>","protected":false},"excerpt":{"rendered":"ABOUT US PARTS THAT SAVE MILLIONS NEW SOURCE FORKLIFT PARTS, INC, with over 30 years of experience in the Forklift business, is located in Brea CA supplying good quality aftermarket parts for forklifts, earth moving equipment, golf carts and aerial work platforms. All manufacturers logos, names, descriptions and numbers are for reference purposes only and [...]","protected":false},"author":1,"featured_media":0,"parent":0,"menu_order":0,"comment_status":"closed","ping_status":"closed","template":"","meta":{"_joinchat":[],"footnotes":""},"class_list":["post-358","page","type-page","status-publish","hentry"],"_links":{"self":[{"href":"https:\/\/newsourceforkliftparts.com\/es\/wp-json\/wp\/v2\/pages\/358","targetHints":{"allow":["GET"]}}],"collection":[{"href":"https:\/\/newsourceforkliftparts.com\/es\/wp-json\/wp\/v2\/pages"}],"about":[{"href":"https:\/\/newsourceforkliftparts.com\/es\/wp-json\/wp\/v2\/types\/page"}],"author":[{"embeddable":true,"href":"https:\/\/newsourceforkliftparts.com\/es\/wp-json\/wp\/v2\/users\/1"}],"replies":[{"embeddable":true,"href":"https:\/\/newsourceforkliftparts.com\/es\/wp-json\/wp\/v2\/comments?post=358"}],"version-history":[{"count":14,"href":"https:\/\/newsourceforkliftparts.com\/es\/wp-json\/wp\/v2\/pages\/358\/revisions"}],"predecessor-version":[{"id":379,"href":"https:\/\/newsourceforkliftparts.com\/es\/wp-json\/wp\/v2\/pages\/358\/revisions\/379"}],"wp:attachment":[{"href":"https:\/\/newsourceforkliftparts.com\/es\/wp-json\/wp\/v2\/media?parent=358"}],"curies":[{"name":"wp","href":"https:\/\/api.w.org\/{rel}","templated":true}]}}