{"id":70,"date":"2022-02-04T14:25:36","date_gmt":"2022-02-04T14:25:36","guid":{"rendered":"http:\/\/newsourceforkliftparts.com\/?page_id=70"},"modified":"2023-09-04T16:57:14","modified_gmt":"2023-09-04T16:57:14","slug":"home","status":"publish","type":"page","link":"https:\/\/newsourceforkliftparts.com\/es\/","title":{"rendered":"Home"},"content":{"rendered":"<div class=\"grve-section grve-row-section grve-fullwidth grve-bg-none grve-custom-height grve-fullheight grve-with-fullheight\" id=\"bg-home\"><div class=\"grve-container\"><div class=\"grve-row grve-bookmark grve-columns-gap-none\"><div class=\"grve-column wpb_column grve-column-1-4 grve-headings-light\" ><div class=\"grve-column-wrapper\" ><\/div><\/div><div class=\"grve-column wpb_column grve-column-1-2 grve-headings-light\"  style=\"color:#ffffff;\" ><div class=\"grve-column-wrapper vc_custom_1644242665650\" ><h1 class=\"grve-element grve-title grve-align-center grve-animated-item grve-duration-normal grve-zoom-in grve-h1 grve-increase-heading grve-heading-140\" style=\"margin-bottom: 35px;\" data-delay=\"200\"><span><span style=\"text-transform: uppercase;\">No un mill\u00f3n de piezas<br \/>\nsino piezas que ahorran millones<\/span><\/span><\/h1><div class=\"grve-element grve-align-center grve-animated-item grve-fade-in-up grve-duration-normal\" data-delay=\"200\"><a href=\"https:\/\/newsourceforkliftparts.com\/es\/products\/\" class=\"grve-btn grve-btn-large grve-round grve-bg-primary-1 grve-bg-hover-black\"><span>Descubre nuestros productos<\/span><\/a><\/div><\/div><\/div><div class=\"grve-column wpb_column grve-column-1-4\" ><div class=\"grve-column-wrapper\" ><\/div><\/div><\/div><\/div><div class=\"grve-background-wrapper\"><div class=\"grve-bg-video grve-html5-bg-video\" data-video-device=\"yes\"><video data-autoplay loop=\"loop\" muted=\"muted\" autoplay=\"autoplay\" preload=\"auto\"><source src=\"https:\/\/newsourceforkliftparts.com\/video\/video-bg.webm\" type=\"video\/webm\"><source src=\"https:\/\/newsourceforkliftparts.com\/video\/video-bg.mp4\" type=\"video\/mp4\"><\/video><\/div>  <div class=\"grve-bg-overlay grve-bg-primary-1 grve-opacity-70\"><\/div>  <div class=\"grve-pattern\"><\/div><\/div><\/div><div class=\"grve-section grve-row-section grve-fullwidth-background grve-padding-top-3x grve-padding-bottom-3x grve-bg-none\"><div class=\"grve-container\"><div class=\"grve-row grve-bookmark grve-columns-gap-30\"><div class=\"grve-column wpb_column grve-column-1-6 grve-tablet-sm-column-hide grve-mobile-column-hide\"  style=\"z-index:99999999\" ><div class=\"grve-column-wrapper vc_custom_1644927803380\" ><\/div><\/div><div class=\"grve-column wpb_column grve-column-2-3\" ><div class=\"grve-column-wrapper\" ><h2 class=\"grve-element grve-title grve-align-center grve-colored-clipping-left grve-colored-clipping grve-clipping-animation grve-h1\" style=\"\" data-clipping-color=\"primary-1\" data-delay=\"200\"><span>Sobre nosotros<\/span><\/h2><div class=\"grve-element grve-text vc_custom_1645703774724 grve-animated-item grve-fade-in-up grve-duration-normal\" data-delay=\"400\">\n\t\t\t<p style=\"text-align: center;\">NEW SOURCE FORKLIFT PARTS, INC, con m\u00e1s de 30 a\u00f1os de experiencia en el negocio de montacargas, est\u00e1 ubicada en Brea CA y suministra repuestos de buena calidad para montacargas, equipos de movimiento de tierra, carros de golf y plataformas a\u00e9reas de trabajo.<br \/>\nTodos los logotipos, nombres, descripciones y n\u00fameros de los fabricantes son solo para fines de referencia y no implican que sean piezas originales o genuinas o que seamos un proveedor OEM.<\/p>\n\n\t\t<\/div>\n\t<div class=\"grve-element grve-align-center grve-animated-item grve-fade-in-up grve-duration-normal\" data-delay=\"200\"><a href=\"https:\/\/newsourceforkliftparts.com\/es\/about-us\/\" class=\"grve-btn grve-btn-medium grve-round grve-bg-primary-1 grve-bg-hover-black\"><span>CONOCE M\u00c1S SOBRE NOSOTROS<\/span><\/a><\/div><\/div><\/div><div class=\"grve-column wpb_column grve-column-1-6 grve-tablet-sm-column-hide grve-mobile-column-hide\" ><div class=\"grve-column-wrapper\" ><\/div><\/div><\/div><\/div><div class=\"grve-background-wrapper\"><\/div><\/div><div class=\"grve-section grve-row-section grve-fullwidth-background grve-padding-top-2x grve-padding-bottom-2x grve-bg-none\"  style=\"background-color:#f2de00;\"><div class=\"grve-container\"><div class=\"grve-row grve-bookmark grve-columns-gap-30\"><div class=\"grve-column wpb_column grve-column-1\" ><div class=\"grve-column-wrapper\" ><div class=\"grve-element grve-callout grve-animated-item grve-zoom-in grve-duration-normal grve-btn-right\" style=\"\" data-delay=\"200\">  <div class=\"grve-callout-wrapper\"><h3 class=\"grve-callout-content grve-h1\">P\u00f3ngase en contacto con nosotros hoy para ventas y m\u00e1s<\/h3>  <\/div>  <div class=\"grve-button-wrapper\"><a href=\"https:\/\/newsourceforkliftparts.com\/es\/contact\/\" class=\"grve-btn grve-btn-medium grve-round grve-bg-black grve-bg-hover-white\"><span>CONT\u00c1CTENOS AHORA<\/span><\/a>  <\/div><\/div><\/div><\/div><\/div><\/div><div class=\"grve-background-wrapper\"><\/div><\/div>","protected":false},"excerpt":{"rendered":"Not A Million Parts But Parts That Save MillionsMEET OUR PRODUCTS About us NEW SOURCE FORKLIFT PARTS, INC, with over 30 years of experience in the Forklift business, is located in Brea CA supplying good quality aftermarket parts for forklifts, earth moving equipment, golf carts and aerial work platforms. All manufacturers logos, names, descriptions and [...]","protected":false},"author":1,"featured_media":0,"parent":0,"menu_order":0,"comment_status":"closed","ping_status":"closed","template":"","meta":{"_joinchat":[],"footnotes":""},"class_list":["post-70","page","type-page","status-publish","hentry"],"_links":{"self":[{"href":"https:\/\/newsourceforkliftparts.com\/es\/wp-json\/wp\/v2\/pages\/70","targetHints":{"allow":["GET"]}}],"collection":[{"href":"https:\/\/newsourceforkliftparts.com\/es\/wp-json\/wp\/v2\/pages"}],"about":[{"href":"https:\/\/newsourceforkliftparts.com\/es\/wp-json\/wp\/v2\/types\/page"}],"author":[{"embeddable":true,"href":"https:\/\/newsourceforkliftparts.com\/es\/wp-json\/wp\/v2\/users\/1"}],"replies":[{"embeddable":true,"href":"https:\/\/newsourceforkliftparts.com\/es\/wp-json\/wp\/v2\/comments?post=70"}],"version-history":[{"count":24,"href":"https:\/\/newsourceforkliftparts.com\/es\/wp-json\/wp\/v2\/pages\/70\/revisions"}],"predecessor-version":[{"id":382,"href":"https:\/\/newsourceforkliftparts.com\/es\/wp-json\/wp\/v2\/pages\/70\/revisions\/382"}],"wp:attachment":[{"href":"https:\/\/newsourceforkliftparts.com\/es\/wp-json\/wp\/v2\/media?parent=70"}],"curies":[{"name":"wp","href":"https:\/\/api.w.org\/{rel}","templated":true}]}}